{"id":370,"date":"2018-04-27T10:41:14","date_gmt":"2018-04-27T10:41:14","guid":{"rendered":"https:\/\/www.tulikivi.si\/o-nas\/"},"modified":"2018-05-09T19:30:51","modified_gmt":"2018-05-09T17:30:51","slug":"about-us","status":"publish","type":"page","link":"https:\/\/www.tulikivi.si\/en\/about-us\/","title":{"rendered":"About us"},"content":{"rendered":"<div class=\"wpb-content-wrapper\"><p>[vc_row row_height_percent=&#8221;0&#8243; override_padding=&#8221;yes&#8221; h_padding=&#8221;2&#8243; top_padding=&#8221;2&#8243; bottom_padding=&#8221;5&#8243; overlay_alpha=&#8221;50&#8243; gutter_size=&#8221;3&#8243; column_width_percent=&#8221;100&#8243; shift_y=&#8221;0&#8243; z_index=&#8221;0&#8243; shape_dividers=&#8221;&#8221;][vc_column width=&#8221;1\/1&#8243;][vc_column_text]<\/p>\n<h1>Zgodovina podjetja<\/h1>\n<p>Pred pribli\u017eno 2,8 milijardami let je na vzhodu Finske skozi razpoke na povr\u0161ino Zemlje pri\u0161la lava. Lava je imela ob izbruhu temperaturo 1600 C\u00b0.<br \/>\nPred 1,9 milijardami let pa so litosferske plo\u0161\u010de tre\u0161\u010dile ena ob drugo in nastalo je gorovje podobno Alpam. V notranjosti gorovja je bil prisoten tudi<br \/>\nogljikov dioksid, ki je pripomogel k nastajanju kamna steatit.<\/p>\n<p>Uporaba steatita v grelne namene se je pri\u010dela v 18. Stoletju, ko je bila t.i. mala ledena doba. Prebivalci velikega dela severne Evrope so do tedaj<br \/>\nuporabljali neu\u010dinkovito ogrevanje svojih hi\u0161. Do tedaj so lahko z odprtim ognji\u0161\u010dem greli le en prostor, po odkritju steatita pa so lahko s kaminom<br \/>\nogrevali celotno hi\u0161o.<\/p>\n<p>V za\u010detku 20. Stoletja je bilo na Finskem ustanovljeno podjetje Suomen Vuolukivi Oy. Leta 1980 pa se je dru\u017eba reorganizirala in nastalo je podjetje<br \/>\nTulikivi (ognjeni kamen). Od takrat podjetje bele\u017ei hitro rast proizvodnje ter nenehno \u0161irjenje na nove trge.<\/p>\n<p>Tulikivi kamini so prestali najzahtevnej\u0161e mednarodne teste. Tudi iz tega vidika preka\u0161ajo konkurenco. Tulikivi je kot prvi proizvajalec kaminov prejel<br \/>\ncertifikat o kakovosti ISO 9001. Prestali smo vse najzahtevnej\u0161e teste na\u0161e dejavnosti. Izpolnjujemo najzahtevnej\u0161e emisijske norme na svetu.<br \/>\nPrimer (u.a das IBR-Zertifikat Rosenheim). Prav tako se Tulikivi \u0161e vedno ukvarja s Finskim in mednarodnim razvojem in raziskovanjem. \u017de danes<br \/>\nlahko na\u010drtujemo velike korake v prihodnost.[\/vc_column_text][\/vc_column][\/vc_row]<\/p>\n<\/div>","protected":false},"excerpt":{"rendered":"<p>[vc_row row_height_percent=&#8221;0&#8243; override_padding=&#8221;yes&#8221; h_padding=&#8221;2&#8243; top_padding=&#8221;2&#8243; bottom_padding=&#8221;5&#8243; overlay_alpha=&#8221;50&#8243; gutter_size=&#8221;3&#8243; column_width_percent=&#8221;100&#8243; shift_y=&#8221;0&#8243; z_index=&#8221;0&#8243; shape_dividers=&#8221;&#8221;][vc_column width=&#8221;1\/1&#8243;][vc_column_text] Zgodovina podjetja Pred pribli\u017eno 2,8 milijardami let [&hellip;]<\/p>\n","protected":false},"author":4,"featured_media":0,"parent":0,"menu_order":0,"comment_status":"closed","ping_status":"closed","template":"","meta":{"footnotes":""},"class_list":["post-370","page","type-page","status-publish","hentry"],"acf":[],"_links":{"self":[{"href":"https:\/\/www.tulikivi.si\/en\/wp-json\/wp\/v2\/pages\/370"}],"collection":[{"href":"https:\/\/www.tulikivi.si\/en\/wp-json\/wp\/v2\/pages"}],"about":[{"href":"https:\/\/www.tulikivi.si\/en\/wp-json\/wp\/v2\/types\/page"}],"author":[{"embeddable":true,"href":"https:\/\/www.tulikivi.si\/en\/wp-json\/wp\/v2\/users\/4"}],"replies":[{"embeddable":true,"href":"https:\/\/www.tulikivi.si\/en\/wp-json\/wp\/v2\/comments?post=370"}],"version-history":[{"count":2,"href":"https:\/\/www.tulikivi.si\/en\/wp-json\/wp\/v2\/pages\/370\/revisions"}],"predecessor-version":[{"id":377,"href":"https:\/\/www.tulikivi.si\/en\/wp-json\/wp\/v2\/pages\/370\/revisions\/377"}],"wp:attachment":[{"href":"https:\/\/www.tulikivi.si\/en\/wp-json\/wp\/v2\/media?parent=370"}],"curies":[{"name":"wp","href":"https:\/\/api.w.org\/{rel}","templated":true}]}}